{"id":465,"date":"2023-02-24T16:27:34","date_gmt":"2023-02-24T16:27:34","guid":{"rendered":"https:\/\/landing.acordoonline.com\/?page_id=465"},"modified":"2025-10-09T19:04:03","modified_gmt":"2025-10-09T19:04:03","slug":"politica-de-privacidade","status":"publish","type":"page","link":"https:\/\/acordoonline.com\/sobre\/politica-de-privacidade\/","title":{"rendered":"Pol\u00edtica de privacidade Acordo Online"},"content":{"rendered":"<div class=\"wpb-content-wrapper\">[vc_row full_width=&#8221;stretch_row_content&#8221; content_placement=&#8221;top&#8221; remove_bottom_col_margin=&#8221;true&#8221; css=&#8221;.vc_custom_1677257381079{background-color: #e8e8e8 !important;}&#8221;][vc_column css=&#8221;.vc_custom_1677257935300{margin-top: 30px !important;margin-right: 20% !important;margin-bottom: 30px !important;margin-left: 20% !important;padding-top: 60px !important;padding-right: 60px !important;padding-bottom: 60px !important;padding-left: 60px !important;background-color: #ffffff !important;}&#8221;][vc_column_text css=&#8221;&#8221;]<b>POL\u00cdTICA DE PRIVACIDADE DO ACORDO ONLINE<br \/>\nSetembro de 2025<\/b><\/p>\n<p>Bem-vindo(a) \u00e0 Pol\u00edtica de Privacidade da Plataforma Acordo Online, somos uma pessoa jur\u00eddica de direito privado denominada Z3R0 Processamento Eletr\u00f4nico de dados Ltda., com sede na Rua Antonio Clemente n\u00b0 382, sala 202, Jardim S\u00e3o Paulo, S\u00e3o Paulo &#8211; SP, CEP : 02039020, inscrita no CNPJ sob o n\u00ba26.614.280\/0001-11.<\/p>\n<p>Este documento busca esclarecer aos usu\u00e1rios (\u201cUsu\u00e1rios\u201d) do nosso portal como coletamos e tratamos dados pessoais neste ambiente de forma clara e objetiva, nos termos da Lei Geral de Prote\u00e7\u00e3o de Dados Pessoais (Lei n\u00ba 13.709\/2018).<\/p>\n<p>Somos uma plataforma que auxilia voc\u00ea a quitar suas d\u00edvidas, conectando devedores com assessorias de cobran\u00e7a que representam credores ou diretamente com credores. <b>Atuamos como facilitadores, sendo que os Controladores dos seus dados ser\u00e3o seus credores. Por isso, caso voc\u00ea tenha qualquer problema com rela\u00e7\u00e3o aos seus dados, recomendamos que entre em contato com seu(s) credores por meio do canal oficial deste(s).<\/b><\/p>\n<p>Se ap\u00f3s a leitura deste documento voc\u00ea n\u00e3o concordar com qualquer termo, recomendamos que interrompa o acesso \u00e0 nossa plataforma imediatamente.<span class=\"Apple-converted-space\">\u00a0<\/span><\/p>\n<p>Caso voc\u00ea tenha alguma d\u00favida ou tenha interesse em conversar com seu credor sobre qualquer quest\u00e3o relacionada aos seus dados nesta plataforma, recomendamos que entre em contato com seu credor por meio dos canais oficiais disponibilizados por ele.<span class=\"Apple-converted-space\">\u00a0<\/span><\/p>\n<ol>\n<li><b>QUAIS DADOS COLETAMOS E QUANDO COLETAMOS<\/b><\/li>\n<\/ol>\n<p>Quando voc\u00ea acessa nosso portal e entra em contato conosco de forma direta, podemos coletar alguns dados seus, conforme a tabela abaixo:<\/p>\n<table cellspacing=\"0\" cellpadding=\"0\">\n<tbody>\n<tr>\n<td valign=\"top\"><b>Categoria de Dados<span class=\"Apple-converted-space\">\u00a0<\/span><\/b><\/td>\n<td valign=\"top\"><b>Dados<span class=\"Apple-converted-space\">\u00a0<\/span><\/b><\/td>\n<td valign=\"top\"><b>Finalidades<span class=\"Apple-converted-space\">\u00a0<\/span><\/b><\/td>\n<td valign=\"top\"><b>Bases Legais<span class=\"Apple-converted-space\">\u00a0<\/span><\/b><\/td>\n<td valign=\"top\"><b>Respons\u00e1vel<span class=\"Apple-converted-space\">\u00a0<\/span><\/b><\/td>\n<\/tr>\n<tr>\n<td valign=\"top\">Identifica\u00e7\u00e3o e contato<span class=\"Apple-converted-space\">\u00a0<\/span><\/td>\n<td valign=\"top\">Nome, CPF, e-mail, telefone<span class=\"Apple-converted-space\">\u00a0<\/span><\/td>\n<td valign=\"top\">&#8211; Registrar e operar seu acordo na plataforma<span class=\"Apple-converted-space\">\u00a0<\/span><\/p>\n<p>&#8211; Autenticar sua identidade para aceite do acordo<span class=\"Apple-converted-space\">\u00a0<\/span><\/p>\n<p>&#8211; Enviar comunicados e ofertas<span class=\"Apple-converted-space\">\u00a0<\/span><\/p>\n<p>&#8211; Avisar sobre vencimento de boletos<span class=\"Apple-converted-space\">\u00a0<\/span><\/td>\n<td valign=\"top\">Execu\u00e7\u00e3o de contrato<span class=\"Apple-converted-space\">\u00a0<\/span><\/td>\n<td valign=\"top\">Operadora (sob instru\u00e7\u00e3o do credor)<span class=\"Apple-converted-space\">\u00a0<\/span><\/td>\n<\/tr>\n<tr>\n<td valign=\"top\">Dados financeiros e da d\u00edvida<span class=\"Apple-converted-space\">\u00a0<\/span><\/td>\n<td valign=\"top\">Informa\u00e7\u00f5es sobre sua d\u00edvida, dados de cobran\u00e7a<span class=\"Apple-converted-space\">\u00a0<\/span><\/td>\n<td valign=\"top\">&#8211; Registrar e operar seu acordo<span class=\"Apple-converted-space\">\u00a0<\/span><\/p>\n<p>&#8211; Emiss\u00e3o, arquivamento e reemiss\u00e3o de boletos<span class=\"Apple-converted-space\">\u00a0<\/span><\/td>\n<td valign=\"top\">Execu\u00e7\u00e3o de contrato<span class=\"Apple-converted-space\">\u00a0<\/span><\/td>\n<td valign=\"top\">Operadora (sob instru\u00e7\u00e3o do credor)<span class=\"Apple-converted-space\">\u00a0<\/span><\/td>\n<\/tr>\n<tr>\n<td valign=\"top\">Dados de acesso e t\u00e9cnicos<span class=\"Apple-converted-space\">\u00a0<\/span><\/td>\n<td valign=\"top\">Endere\u00e7o IP, data e hora de acesso, navegador, sistema operacional<span class=\"Apple-converted-space\">\u00a0<\/span><\/td>\n<td valign=\"top\">&#8211; Atender a eventuais demandas judiciais<span class=\"Apple-converted-space\">\u00a0<\/span><\/p>\n<p>&#8211; Melhorar a experi\u00eancia de uso da Plataforma<span class=\"Apple-converted-space\">\u00a0<\/span><\/td>\n<td valign=\"top\">&#8211; Cumprimento de obriga\u00e7\u00e3o legal (logs de acesso)<span class=\"Apple-converted-space\">\u00a0<\/span><\/p>\n<p>&#8211; Leg\u00edtimo interesse (otimiza\u00e7\u00e3o t\u00e9cnica)<span class=\"Apple-converted-space\">\u00a0<\/span><\/td>\n<td valign=\"top\">Controladora (Acordo Online)<span class=\"Apple-converted-space\">\u00a0<\/span><\/td>\n<\/tr>\n<tr>\n<td valign=\"top\">Dados derivados de intera\u00e7\u00f5es<span class=\"Apple-converted-space\">\u00a0<\/span><\/td>\n<td valign=\"top\">Hist\u00f3rico de uso na plataforma, comunica\u00e7\u00f5es enviadas<span class=\"Apple-converted-space\">\u00a0<\/span><\/td>\n<td valign=\"top\">&#8211; Garantir a presta\u00e7\u00e3o do servi\u00e7o<span class=\"Apple-converted-space\">\u00a0<\/span><\/p>\n<p>&#8211; Atender obriga\u00e7\u00f5es regulat\u00f3rias<span class=\"Apple-converted-space\">\u00a0<\/span><\/td>\n<td valign=\"top\">Execu\u00e7\u00e3o de contrato \/ Cumprimento de obriga\u00e7\u00e3o legal<span class=\"Apple-converted-space\">\u00a0<\/span><\/td>\n<td valign=\"top\">Controladora \/ Operadora, conforme o caso<span class=\"Apple-converted-space\">\u00a0<\/span><\/td>\n<\/tr>\n<\/tbody>\n<\/table>\n<p>Salvo no caso de \u201cCumprimento de obriga\u00e7\u00e3o legal\u201d, a Acordo Online ser\u00e1 sempre uma Operadora de dados. Isso quer dizer que utilizamos seus dados dentro dos limites da lei e conforme as instru\u00e7\u00f5es da empresa que nos contratou para auxiliar voc\u00ea a quitar suas d\u00edvidas por meio de nossa plataforma.<span class=\"Apple-converted-space\">\u00a0 <\/span>Esta empresa poder\u00e1 ser o seu credor, ou mesmo uma assessoria de cobran\u00e7a, esta \u00faltima contratada pelo seu credor.<span class=\"Apple-converted-space\">\u00a0<\/span><\/p>\n<p>Sempre que voc\u00ea precisar obter informa\u00e7\u00f5es sobre os seus dados pessoais, ser\u00e1 o caso de entrar em contato com o seu credor. Isso porque, para voc\u00ea, ele ser\u00e1 considerado o Controlador dos seus dados.<span class=\"Apple-converted-space\">\u00a0<\/span><\/p>\n<p>Podemos tamb\u00e9m utilizar os dados coletados para cumprir obriga\u00e7\u00f5es legais ou mesmo determina\u00e7\u00f5es judiciais voltadas a n\u00f3s. Nestes casos, somos considerados Controladores de dados. Por isso, caso voc\u00ea tenha alguma d\u00favida, fique \u00e0 vontade para nos questionar pelo contato@acordoonline.com.<\/p>\n<p>\u00c9 poss\u00edvel tamb\u00e9m que coletemos dados de sua m\u00e1quina, como o modelo de seu navegador e sistema operacional. Neste caso, n\u00e3o podemos identificar voc\u00ea como usu\u00e1rio e utilizamos estes dados exclusivamente para compreender como nossa Plataforma reage a determinados equipamentos e softwares com o objetivo de tornar a experi\u00eancia dos nossos usu\u00e1rios cada vez melhor.<span class=\"Apple-converted-space\">\u00a0<\/span><\/p>\n<ol start=\"2\">\n<li><b>COMPARTILHAMENTO DE SEUS DADOS<\/b><\/li>\n<\/ol>\n<p>Podemos compartilhar seus dados pessoais nas seguintes hip\u00f3teses:<\/p>\n<ul>\n<li>Com autoridades judiciais, administrativas ou governamentais competentes, sempre que houver determina\u00e7\u00e3o legal, requerimento, requisi\u00e7\u00e3o ou ordem judicial;<span class=\"Apple-converted-space\">\u00a0<\/span><\/li>\n<li>De forma autom\u00e1tica, em caso e altera\u00e7\u00e3o do nosso quadro societ\u00e1rio, como no caso de fus\u00e3o, aquisi\u00e7\u00e3o ou incorpora\u00e7\u00e3o;<\/li>\n<li>Com parceiros fornecedores de servi\u00e7os respons\u00e1veis pela administra\u00e7\u00e3o, guarda e seguran\u00e7a desses dados;<\/li>\n<li>Com seu credor ou assessoria de cobran\u00e7a contratada pelo seu credor, conforme descrevemos anteriormente.<\/li>\n<\/ul>\n<p>\u00c9 poss\u00edvel que, ao compartilhar seus dados com nossos parceiros conforme descrito acima, seus dados sejam transferidos para servidores fora do pa\u00eds (<i>cloud computing<\/i>). Nesses casos, temos o cuidado de garantir que seus dados estejam seguros, seja por garantias contratuais oferecidas por nossos parceiros, seja por legisla\u00e7\u00f5es reconhecidamente adequadas.<\/p>\n<ol start=\"3\">\n<li><b>TEMPO DE GUARDA DOS DADOS<\/b><\/li>\n<\/ol>\n<p>Podemos manter seus dados conosco nas seguintes hip\u00f3teses:<\/p>\n<ul>\n<li>Enquanto eles forem necess\u00e1rios para cumprir as finalidades descritas acima conforme nossas pol\u00edticas ou determina\u00e7\u00f5es contratuais;<\/li>\n<li>Enquanto durar uma obriga\u00e7\u00e3o legal ou regulat\u00f3ria que nos obrigue a manter os dados conosco;<\/li>\n<li>Pelo prazo legal do poss\u00edvel ajuizamento de demandas por ou em face do seu credor, da assessoria de cobran\u00e7a contratada pelo seu credor ou da Acordo Online.<\/li>\n<\/ul>\n<p>Se qualquer das hip\u00f3teses acima n\u00e3o mais justificar a manuten\u00e7\u00e3o desses dados, n\u00f3s iremos apag\u00e1-los completamente ou alter\u00e1-los de forma que seja imposs\u00edvel para n\u00f3s e nossos parceiros identific\u00e1-lo como titular do dado pessoal.<\/p>\n<ol start=\"4\">\n<li><b>SEGURAN\u00c7A DOS DADOS<\/b><\/li>\n<\/ol>\n<p>N\u00f3s da Acordo Online garantimos que cuidamos de seus dados por meio de medidas t\u00e9cnicas e operacionais adequadas, e buscamos o mesmo n\u00edvel de excel\u00eancia de seus parceiros, mas \u00e9 importante salientar que nenhum sistema \u00e9 completamente seguro. Por isso, caso tome conhecimento de qualquer evento que possa colocar em risco dados disponibilizados na Plataforma, pedimos que entre em contato conosco pelo<span class=\"Apple-converted-space\">\u00a0 <\/span>contato@acordoonline.com.<\/p>\n<p>\u00c9 muito importante que voc\u00ea saiba que a seguran\u00e7a de seus dados tamb\u00e9m \u00e9 seu papel. Por isso, recomendamos que voc\u00ea sempre adote os seguintes cuidados:<\/p>\n<ul>\n<li>Utilize equipamentos e conex\u00f5es seguras, navegadores web, sistemas operacionais e antiv\u00edrus atualizados;<\/li>\n<li>N\u00e3o compartilhe dados enviados \u00e0 Acordo Online em outros sites, n\u00f3s n\u00e3o lhe solicitaremos outros dados fora de nossos canais de contato oficiais.<span class=\"Apple-converted-space\">\u00a0<\/span><\/li>\n<li>Caso voc\u00ea se comunique conosco por e-mail, fique atento ao dom\u00ednio web utilizado.<span class=\"Apple-converted-space\">\u00a0<\/span><\/li>\n<\/ul>\n<ol start=\"5\">\n<li><b>SEUS DIREITOS<\/b><\/li>\n<\/ol>\n<p>Voc\u00ea tem os seguintes direitos em rela\u00e7\u00e3o aos seus dados pessoais:<\/p>\n<ul>\n<li>Solicitar uma c\u00f3pia de seus dados pessoais mantidos em nossa base de dados.<\/li>\n<li>Solicitar que os seus dados sejam corrigidos se estiverem imprecisos ou desatualizados.<\/li>\n<li>Solicitar que seus dados pessoais sejam exclu\u00eddos.<\/li>\n<li>Solicitar a anonimiza\u00e7\u00e3o bloqueio ou elimina\u00e7\u00e3o de dados excessivos ou tratados de forma contr\u00e1ria \u00e0 lei.<\/li>\n<li>Solicitar a portabilidade para outros fornecedores de produtos e servi\u00e7os semelhantes, nos termos do \u00f3rg\u00e3o regulamentador.<\/li>\n<li>Elimina\u00e7\u00e3o de dados tratados com base no seu consentimento.<\/li>\n<li>Retirar qualquer consentimento para o processamento de dados pessoais a qualquer momento, sendo informado das consequ\u00eancias.<\/li>\n<\/ul>\n<p>Em caso de d\u00favida sobre seus direitos de privacidade, voc\u00ea pode entrar em contato com seu credor por meio de seu canal oficial, e ele lhe responder\u00e1 o mais rapidamente poss\u00edvel.<\/p>\n<ol start=\"6\">\n<li><b>ALTERA\u00c7\u00d5ES NESTA POL\u00cdTICA<\/b><\/li>\n<\/ol>\n<p>Esta pol\u00edtica \u00e9 revisada a cada 12 meses, por\u00e9m poder\u00e3o acontecer ajustes pontuais fora deste per\u00edodo.. Por isso recomendamos que voc\u00ea acesse este documento sempre que acessar nosso website.<\/p>\n<p>Se o seu consentimento se tornar necess\u00e1rio para alguma finalidade que a Acordo Online seja considerada controladora de dados, vamos entrar em contato com voc\u00ea para obt\u00ea-lo antes da utiliza\u00e7\u00e3o. Recomendamos que voc\u00ea esteja atento aos canais de contato fornecidas \u00e0 Acordo Online, pois, neste caso, n\u00e3o poderemos utilizar seus dados em seu benef\u00edcio enquanto seu consentimento n\u00e3o for devidamente confirmado.<span class=\"Apple-converted-space\">\u00a0 \u00a0<\/span><\/p>\n<ol start=\"7\">\n<li><b>D\u00daVIDAS ESCLARECIMENTOS<\/b><\/li>\n<\/ol>\n<p>Se mesmo ap\u00f3s a leitura atenta deste documento voc\u00ea ainda tiver d\u00favidas ou precisar de algum esclarecimento que possamos lhe ajudar, estamos \u00e0 disposi\u00e7\u00e3o por meio do<span class=\"Apple-converted-space\">\u00a0 dpo<\/span>@acordoonline.com.[\/vc_column_text][\/vc_column][\/vc_row]\n<\/div>","protected":false},"excerpt":{"rendered":"<p>[vc_row full_width=&#8221;stretch_row_content&#8221; content_placement=&#8221;top&#8221; remove_bottom_col_margin=&#8221;true&#8221; css=&#8221;.vc_custom_1677257381079{background-color: #e8e8e8 !important;}&#8221;][vc_column css=&#8221;.vc_custom_1677257935300{margin-top: 30px !important;margin-right: 20% !important;margin-bottom: 30px !important;margin-left: 20% !important;padding-top: 60px !important;padding-right: 60px !important;padding-bottom: 60px !important;padding-left: 60px !important;background-color: #ffffff !important;}&#8221;][vc_column_text css=&#8221;&#8221;]POL\u00cdTICA DE PRIVACIDADE DO ACORDO ONLINE Setembro de 2025 Bem-vindo(a) \u00e0 Pol\u00edtica de Privacidade da Plataforma Acordo Online, somos uma pessoa jur\u00eddica de direito privado denominada Z3R0 Processamento Eletr\u00f4nico&hellip;<\/p>\n","protected":false},"author":1,"featured_media":0,"parent":0,"menu_order":0,"comment_status":"closed","ping_status":"closed","template":"","meta":{"footnotes":""},"class_list":["post-465","page","type-page","status-publish","hentry","entry","no-media"],"_links":{"self":[{"href":"https:\/\/acordoonline.com\/sobre\/wp-json\/wp\/v2\/pages\/465","targetHints":{"allow":["GET"]}}],"collection":[{"href":"https:\/\/acordoonline.com\/sobre\/wp-json\/wp\/v2\/pages"}],"about":[{"href":"https:\/\/acordoonline.com\/sobre\/wp-json\/wp\/v2\/types\/page"}],"author":[{"embeddable":true,"href":"https:\/\/acordoonline.com\/sobre\/wp-json\/wp\/v2\/users\/1"}],"replies":[{"embeddable":true,"href":"https:\/\/acordoonline.com\/sobre\/wp-json\/wp\/v2\/comments?post=465"}],"version-history":[{"count":13,"href":"https:\/\/acordoonline.com\/sobre\/wp-json\/wp\/v2\/pages\/465\/revisions"}],"predecessor-version":[{"id":1531,"href":"https:\/\/acordoonline.com\/sobre\/wp-json\/wp\/v2\/pages\/465\/revisions\/1531"}],"wp:attachment":[{"href":"https:\/\/acordoonline.com\/sobre\/wp-json\/wp\/v2\/media?parent=465"}],"curies":[{"name":"wp","href":"https:\/\/api.w.org\/{rel}","templated":true}]}}