{"id":1176,"date":"2023-07-20T17:07:07","date_gmt":"2023-07-20T17:07:07","guid":{"rendered":"https:\/\/landing.acordoonline.com\/?page_id=1176"},"modified":"2023-07-20T17:08:17","modified_gmt":"2023-07-20T17:08:17","slug":"mercado-pago-aval-sobre-o-parcelamento","status":"publish","type":"page","link":"https:\/\/acordoonline.com\/sobre\/mercado-pago-aval-sobre-o-parcelamento\/","title":{"rendered":"Mercado Pago | Grupo Aval &#8211; Sobre o Parcelamento da d\u00edvida"},"content":{"rendered":"<div class=\"wpb-content-wrapper\">[vc_row full_width=&#8221;stretch_row_content_no_spaces&#8221; full_height=&#8221;yes&#8221; columns_placement=&#8221;top&#8221; css=&#8221;.vc_custom_1689712057611{padding-top: 20px !important;padding-right: 20% !important;padding-left: 20% !important;background-color: #efefef !important;}&#8221;][vc_column][vc_single_image image=&#8221;1177&#8243; img_size=&#8221;460&#215;80&#8243; alignment=&#8221;center&#8221;]<div class=\"vcex-spacing wpex-w-100 wpex-clear\"><\/div>[vc_custom_heading text=&#8221;O que \u00e9 o Parcelamento da D\u00edvida?&#8221; font_container=&#8221;tag:h2|font_size:24|text_align:center|color:%235b5b5b&#8221; google_fonts=&#8221;font_family:Open%20Sans%3A300%2C300italic%2Cregular%2Citalic%2C600%2C600italic%2C700%2C700italic%2C800%2C800italic|font_style:400%20regular%3A400%3Anormal&#8221;]<div class=\"vcex-spacing wpex-w-100 wpex-clear\"><\/div>[vc_column_text css=&#8221;.vc_custom_1689711725088{padding-top: 5% !important;padding-right: 5% !important;padding-bottom: 5% !important;padding-left: 5% !important;background-color: #ffffff !important;}&#8221; font_size=&#8221;16&#8243;]\u00c9 uma op\u00e7\u00e3o <b>para te ajudar a quitar sua d\u00edvida e cr\u00e9ditos ativos. <\/b>Se voc\u00ea tem um ou mais cr\u00e9ditos ou empr\u00e9stimos com mais de 90 dias de atraso, unificamos esses valores para<b> <\/b>voc\u00ea<b> pagar parcelado e com desconto.<\/b><\/p>\n<p>Seu <b>Parcelamento inclui os empr\u00e9stimos e cr\u00e9ditos ativos<\/b> que voc\u00ea tiver atualmente, considerando as <b>parcelas a vencidas e a vencer.<\/b><\/p>\n<p>Aplicamos um desconto sobre este valor total, que ser\u00e1 concedido se voc\u00ea cumprir com todas as regras.<\/p>\n<p><b>O que acontece se eu n\u00e3o pagar corretamente meu Parcelamento de D\u00edvida?<\/b><\/p>\n<ul>\n<li>Voc\u00ea perde todo o desconto sobre a d\u00edvida.<\/li>\n<li>O valor devido ser\u00e1 atualizado com os juros por atraso de cada empr\u00e9stimo e ainda os dias que passaram desde que o Parcelamento foi criado.<\/li>\n<li>Seu nome poder\u00e1 ser negativado junto aos \u00f3rg\u00e3os de prote\u00e7\u00e3o ao cr\u00e9dito.<\/li>\n<li>Voc\u00ea poder\u00e1 enfrentar restri\u00e7\u00f5es ao usar o Mercado Livre e o Mercado Pago.<\/li>\n<\/ul>\n<p>Pague suas parcelas em dia para aproveitar a chance de quitar sua d\u00edvida e cr\u00e9ditos ativos.<\/p>\n<p>Confira todos os detalhes nos <a href=\"https:\/\/acordoonline.com\/sobre\/wp-content\/uploads\/2023\/07\/Mercado-Pago-Condicoes-gerais-de-parcelamento.pdf\" target=\"_blank\" rel=\"noopener\"><b>Termos e Condi\u00e7\u00f5es do Parcelamento de D\u00edvida.<\/b><\/a>[\/vc_column_text][\/vc_column][\/vc_row]\n<\/div>","protected":false},"excerpt":{"rendered":"<p>[vc_row full_width=&#8221;stretch_row_content_no_spaces&#8221; full_height=&#8221;yes&#8221; columns_placement=&#8221;top&#8221; css=&#8221;.vc_custom_1689712057611{padding-top: 20px !important;padding-right: 20% !important;padding-left: 20% !important;background-color: #efefef !important;}&#8221;][vc_column][vc_single_image image=&#8221;1177&#8243; img_size=&#8221;460&#215;80&#8243; alignment=&#8221;center&#8221;][vc_custom_heading text=&#8221;O que \u00e9 o Parcelamento da D\u00edvida?&#8221; font_container=&#8221;tag:h2|font_size:24|text_align:center|color:%235b5b5b&#8221; google_fonts=&#8221;font_family:Open%20Sans%3A300%2C300italic%2Cregular%2Citalic%2C600%2C600italic%2C700%2C700italic%2C800%2C800italic|font_style:400%20regular%3A400%3Anormal&#8221;][vc_column_text css=&#8221;.vc_custom_1689711725088{padding-top: 5% !important;padding-right: 5% !important;padding-bottom: 5% !important;padding-left: 5% !important;background-color: #ffffff !important;}&#8221; font_size=&#8221;16&#8243;]\u00c9 uma op\u00e7\u00e3o para te ajudar a quitar sua d\u00edvida e cr\u00e9ditos ativos. Se voc\u00ea tem um ou mais&hellip;<\/p>\n","protected":false},"author":1,"featured_media":0,"parent":0,"menu_order":0,"comment_status":"closed","ping_status":"closed","template":"","meta":{"footnotes":""},"class_list":["post-1176","page","type-page","status-publish","hentry","entry","no-media"],"_links":{"self":[{"href":"https:\/\/acordoonline.com\/sobre\/wp-json\/wp\/v2\/pages\/1176","targetHints":{"allow":["GET"]}}],"collection":[{"href":"https:\/\/acordoonline.com\/sobre\/wp-json\/wp\/v2\/pages"}],"about":[{"href":"https:\/\/acordoonline.com\/sobre\/wp-json\/wp\/v2\/types\/page"}],"author":[{"embeddable":true,"href":"https:\/\/acordoonline.com\/sobre\/wp-json\/wp\/v2\/users\/1"}],"replies":[{"embeddable":true,"href":"https:\/\/acordoonline.com\/sobre\/wp-json\/wp\/v2\/comments?post=1176"}],"version-history":[{"count":2,"href":"https:\/\/acordoonline.com\/sobre\/wp-json\/wp\/v2\/pages\/1176\/revisions"}],"predecessor-version":[{"id":1179,"href":"https:\/\/acordoonline.com\/sobre\/wp-json\/wp\/v2\/pages\/1176\/revisions\/1179"}],"wp:attachment":[{"href":"https:\/\/acordoonline.com\/sobre\/wp-json\/wp\/v2\/media?parent=1176"}],"curies":[{"name":"wp","href":"https:\/\/api.w.org\/{rel}","templated":true}]}}